{"id":525,"date":"2015-07-07T13:09:51","date_gmt":"2015-07-07T11:09:51","guid":{"rendered":"http:\/\/tommusrhodus.wpengine.com\/?page_id=525"},"modified":"2023-10-02T04:38:12","modified_gmt":"2023-10-02T02:38:12","slug":"itgurus","status":"publish","type":"page","link":"https:\/\/www.itgurus-uk.com\/","title":{"rendered":"itgurus"},"content":{"rendered":"<div class=\"wpb-content-wrapper\"><p>[vc_row full_width=&#8220;stretch_row&#8220;][vc_column]\n\t\t\t<section class=\"fullscreen image-bg background-multiply parallax hero-header\">\n\t\t\t    <div class=\"background-image-holder\">\n\t\t\t        <img loading=\"lazy\" decoding=\"async\" width=\"1024\" height=\"680\" src=\"https:\/\/www.itgurus-uk.com\/wp-content\/uploads\/2020\/07\/fliegender-Pfeil-2-1.jpg\" class=\"background-image\" alt=\"\" srcset=\"https:\/\/www.itgurus-uk.com\/wp-content\/uploads\/2020\/07\/fliegender-Pfeil-2-1.jpg 1024w, https:\/\/www.itgurus-uk.com\/wp-content\/uploads\/2020\/07\/fliegender-Pfeil-2-1-300x199.jpg 300w, https:\/\/www.itgurus-uk.com\/wp-content\/uploads\/2020\/07\/fliegender-Pfeil-2-1-768x510.jpg 768w, https:\/\/www.itgurus-uk.com\/wp-content\/uploads\/2020\/07\/fliegender-Pfeil-2-1-120x80.jpg 120w\" sizes=\"auto, (max-width: 1024px) 100vw, 1024px\" \/>\n\t\t\t    <\/div>\n\t\t\t    <div class=\"container v-align-transform\">\n\t\t\t        <div class=\"row\">\n\t\t\t            <div class=\"col-sm-12 text-center\">\n\t\t\t                <\/p>\n<h1 id=\"firstHeading\" class=\"firstHeading\" lang=\"de\">IT\u00a0SUPPORT.<\/h1>\n<h1 class=\"thin\"><\/h1>\n<p>\n\n\t\t\t            <\/div>\n\t\t\t        <\/div>\n\t\t\t    <\/div>\n\t\t\t    <div class=\"align-bottom text-center\">\n\t\t\t        <a class=\"btn btn-white mb32\" href=\"https:\/\/www.itgurus-uk.com\/#Ref\">Referenzen<\/a>\n\t\t\t        <ul class=\"list-inline social-list mb24\">\n\t\t\t            \n\t\t\t        <\/ul>\n\t\t\t    <\/div>\n\t\t\t<\/section>\n\t\t[\/vc_column][\/vc_row][vc_row foundry_padding=&#8220;pb0&#8243;][vc_column][vc_column_text css=&#8220;.vc_custom_1696212203434{padding-top: 20px !important;padding-right: 40px !important;padding-left: 40px !important;}&#8220;]<\/p>\n<h6 class=\"uppercase\">Was wir tun<\/h6>\n<hr \/>\n<p>[\/vc_column_text][\/vc_column][\/vc_row][vc_row foundry_padding=&#8220;pb0&#8243;][vc_column][vc_column_text css=&#8220;.vc_custom_1696213708247{padding-right: 40px !important;padding-left: 40px !important;}&#8220;]<\/p>\n<h1 class=\"thin\">Wir managen\u00a0IT-Landschaften und Datenbankanwendungen.<\/h1>\n<p class=\"lead\">Wir beraten, installieren und administrieren in allen betriebswirtschaftlich relevanten Bereichen<\/p>\n<p>[\/vc_column_text][\/vc_column][\/vc_row][vc_row css=&#8220;.vc_custom_1696213511887{padding-right: 40px !important;padding-left: 40px !important;}&#8220;][vc_column width=&#8220;1\/3&#8243;][vc_column_text css=&#8220;.vc_custom_1696214131997{padding-left: 60px !important;}&#8220;]<\/p>\n<h1 class=\"large color-primary mb0\">+<\/h1>\n<h5 class=\"color-primary mb0\">Buchf\u00fchrung &amp; Controlling<\/h5>\n<p>[\/vc_column_text][\/vc_column][vc_column width=&#8220;1\/3&#8243;][vc_column_text]<\/p>\n<h1 class=\"large color-primary mb0\">+<\/h1>\n<h5 class=\"color-primary mb0\">Einkauf + Vertrieb<\/h5>\n<p>[\/vc_column_text][\/vc_column][vc_column width=&#8220;1\/3&#8243;][vc_column_text css=&#8220;.vc_custom_1696214165321{padding-right: 60px !important;}&#8220;]<\/p>\n<h1 class=\"large color-primary mb0\">+<\/h1>\n<h5 class=\"color-primary mb0\">Produktion, Lager &amp; Personalwesen<\/h5>\n<p>[\/vc_column_text][\/vc_column][\/vc_row][vc_row foundry_background_style=&#8220;bg-dark&#8220; foundry_padding=&#8220;pb0&#8243; css=&#8220;.vc_custom_1651755613581{background-image: url(https:\/\/www.itgurus-uk.com\/wp-content\/uploads\/2020\/07\/Laptop.jpg?id=2443) !important;}&#8220;][vc_column parallax=&#8220;content-moving&#8220;][vc_empty_space height=&#8220;300px&#8220; css=&#8220;.vc_custom_1696212283999{padding-top: 20px !important;padding-right: 40px !important;padding-left: 40px !important;}&#8220;][vc_column_text css=&#8220;.vc_custom_1696212704657{padding-top: 20px !important;padding-right: 40px !important;padding-left: 40px !important;}&#8220;]<\/p>\n<h6 class=\"uppercase\">WIE WIR ES TUN<\/h6>\n<p>[\/vc_column_text][\/vc_column][\/vc_row][vc_row foundry_background_style=&#8220;bg-dark&#8220; foundry_padding=&#8220;pb0&#8243;][vc_column][vc_column_text css=&#8220;.vc_custom_1696212328032{padding-top: 20px !important;padding-right: 40px !important;padding-left: 40px !important;}&#8220;]<\/p>\n<h1 class=\"thin\">SAP\/ zeitgem\u00e4\u00dfe\u00a0und intelligente L\u00f6sungen<\/h1>\n<p class=\"lead\">digitale Transformation in der Praxis.<\/p>\n<p>[\/vc_column_text][\/vc_column][\/vc_row][vc_row foundry_background_style=&#8220;bg-dark&#8220; css=&#8220;.vc_custom_1696212395982{padding-top: 20px !important;padding-right: 40px !important;padding-left: 40px !important;}&#8220;][vc_column width=&#8220;1\/4&#8243;]\n\t\t\t<div class=\"mb40 mb-xs-24\">\n\t\t\t\t\n\t\t\t    <i class=\"ti-search icon inline-block mb16 fade-3-4\"><\/i>\n\t\t\t    <h4>SAP BW<\/h4>\n\t\t\t    <\/p>\n<ul>\n<li>Datenvisualisierung<\/li>\n<li>Vorausschauendes Datenmanagement<\/li>\n<li>Planung, Budgetierung und Prognose<\/li>\n<li>Risikomanagement<\/li>\n<li>Internationales Handelsmanagement<\/li>\n<\/ul>\n<p>\n\n\t\t\t    \n\t\t\t<\/div>\n\t\t[\/vc_column][vc_column width=&#8220;1\/4&#8243;]\n\t\t\t<div class=\"mb40 mb-xs-24\">\n\t\t\t\t\n\t\t\t    <i class=\"ti-layers-alt icon inline-block mb16 fade-3-4\"><\/i>\n\t\t\t    <h4>Datenmanagement<\/h4>\n\t\t\t    <\/p>\n<ul>\n<li>Big Data<\/li>\n<li>Datenarchitektur<\/li>\n<li>Data Warehousing<\/li>\n<li>Schnittstellenmanagement<\/li>\n<li>aktuelle & situationsbezogene Informationen<\/li>\n<li>Echtzeit\u00fcberwachung<\/li>\n<\/ul>\n<p>\n\n\t\t\t    \n\t\t\t<\/div>\n\t\t[\/vc_column][vc_column width=&#8220;1\/4&#8243;]\n\t\t\t<div class=\"mb40 mb-xs-24\">\n\t\t\t\t\n\t\t\t    <i class=\"ti-world icon inline-block mb16 fade-3-4\"><\/i>\n\t\t\t    <h4>IT Management<\/h4>\n\t\t\t    <\/p>\n<ul>\n<li>IT Infrastruktur<\/li>\n<li>IT\u00a0Personalmanagement<\/li>\n<li>Risiken absch\u00e4tzen<\/li>\n<li>Unterbrechung des Gesch\u00e4ftsablaufs vermeiden<\/li>\n<li>Optimierung<\/li>\n<\/ul>\n<p>\n\n\t\t\t    \n\t\t\t<\/div>\n\t\t[\/vc_column][vc_column width=&#8220;1\/4&#8243;]\n\t\t\t<div class=\"mb40 mb-xs-24\">\n\t\t\t\t\n\t\t\t    <i class=\"ti-search icon inline-block mb16 fade-3-4\"><\/i>\n\t\t\t    <h4>SAP Basis Administration<\/h4>\n\t\t\t    <p>siehe <a href=\"https:\/\/www.itgurus-uk.com\/#Ref\" target=\"_blank\" rel=\"noopener noreferrer\">Projekte!<\/a><\/p>\n\n\t\t\t    \n\t\t\t<\/div>\n\t\t[\/vc_column][\/vc_row][vc_row full_width=&#8220;stretch_row&#8220; css=&#8220;.vc_custom_1696212422075{padding-top: 20px !important;padding-right: 40px !important;padding-left: 40px !important;}&#8220;][vc_column]\n\t\t\t<section class=\"image-square right\">\n\t\t\t    <div class=\"col-md-6 image\">\n\t\t\t        <div class=\"background-image-holder\">\n\t\t\t            <img loading=\"lazy\" decoding=\"async\" width=\"848\" height=\"566\" src=\"https:\/\/www.itgurus-uk.com\/wp-content\/uploads\/2015\/07\/hurry.jpg\" class=\"background-image\" alt=\"\" srcset=\"https:\/\/www.itgurus-uk.com\/wp-content\/uploads\/2015\/07\/hurry.jpg 848w, https:\/\/www.itgurus-uk.com\/wp-content\/uploads\/2015\/07\/hurry-120x80.jpg 120w, https:\/\/www.itgurus-uk.com\/wp-content\/uploads\/2015\/07\/hurry-300x200.jpg 300w, https:\/\/www.itgurus-uk.com\/wp-content\/uploads\/2015\/07\/hurry-768x513.jpg 768w, https:\/\/www.itgurus-uk.com\/wp-content\/uploads\/2015\/07\/hurry-600x400.jpg 600w\" sizes=\"auto, (max-width: 848px) 100vw, 848px\" \/>\n\t\t\t        <\/div>\n\t\t\t    <\/div>\n\t\t\t    <div class=\"col-md-6 content\">\n\t\t\t        [vc_column_text]<\/p>\n<h3 class=\"mb32\">Unterst\u00fctzung von Experten.<\/h3>\n<p>Wir bringen IT und Business einander n\u00e4her.\u00a0Unsere Service reicht von Basisadministration \u00fcber Supportteams vor Ort bis hin zu strategischen Partnerschaften. Wir geben\u00a0digitale Orientierung und erleichtern Gesch\u00e4ftsprozesse.<\/p>\n<p>Durch die umfassende Erfahrung im IT Gesch\u00e4ft haben wir in den vergangenen Jahren das Vertrauen zahlreicher\u00a0namhafter Unternehmen\u00a0erarbeitet. Konzerne wie Siemens, Volkswagen und O2 oder die Bundesdruckerei\u00a0setzen auf unsere\u00a0Kompetenz.[\/vc_column_text]\n\t\t\t    <\/div>\n\t\t\t<\/section>\n\t\t[\/vc_column][\/vc_row][vc_row foundry_padding=&#8220;pb0&#8243; css=&#8220;.vc_custom_1696212604279{padding-top: 20px !important;padding-right: 40px !important;padding-left: 40px !important;}&#8220;][vc_column width=&#8220;1\/4&#8243;][vc_column_text]<\/p>\n<h6 id=\"Ref\" class=\"uppercase\">REFERENZEN<\/h6>\n<hr \/>\n<p><strong>Arvato (Bertelsmann)<\/strong><br \/>\nProjekt: Installation ERP und HR, CRM, Einbau des von Hinweisen, Upgrade Oracle 10.2.0.2 auf 11.2.0.3.<\/p>\n<p><strong>Fa. Prego Services Saarbr\u00fccken\u00a0<\/strong><br \/>\nProjekt: SAP Basis Administration, Oracle Parameter \u00fcberpr\u00fcfen und anpassen, Patch 10.0.4 installieren.<\/p>\n<p><strong>GEDAS (Volkswagen AG)<\/strong><br \/>\nProjekt: Anforderungsmanagement (Software-Paktierung) Erstellung von Lasten- und Pflichtenheften, Dokumentationen<\/p>\n<p><strong>BerlinDat Gesellschaft f\u00fcr Informationsverarbeitung<\/strong><br \/>\n<strong>und Systemtechnik mbH\u00a0<\/strong><br \/>\nProjekt: Administration WinNT, 2000, Migration von NT auf 2000. (ca 8000 Clients) Softwareverteilung.<\/p>\n<p><strong>Siemens Transportation Systems (Berlin)<\/strong><br \/>\nProjekt: Administration WinNT, Linux (1300 Clients, 130 Server).<\/p>\n<p><strong>Otto\u2019s Schweiz<\/strong><br \/>\nProjekt: Konfiguration Solman 7.2, Basis Administration, Einrichtung Monitoring Solman, SP-Update, einspielen von AddOns und Hinweisen, Systemaufbau. Berechtigung \/ Rollenpflege, Transporte via ChaRM. Unterst\u00fctzung SAP GoLiveCheck. Umgebung: Linux SLES_15\/HANA 2.0, Windows.<\/p>\n<p><strong>Deutsche Bank Bank<\/strong><br \/>\nProjekt: SAP-Basis<br \/>\nUnterst\u00fctzung der bestehenden SAP-Installationen mit der Gew\u00e4hrleistung des laufenden Betriebs. Durchf\u00fchrung von Upgrades und Patches. Anpassung der SAP-Landschaft auf den neuesten Systemanforderungen. Planung und Durchf\u00fchrung von SAP-Releasewechsel und DB. SAP Sicherheits\u00fcberpr\u00fcfung Nachverfolgung von Security Alerts und Berichterstattung. Durchsetzung der Sicherheitsrichtlinien und \u00dcberpr\u00fcfung neuer Systeme. Analyse der Benutzerberechtigungen und Monitoring von Zertifikaten. Konfiguration der Verbindungen\u00a0(x509 \/ SNC \/ SAML)<br \/>\nPilotprojekt: Einf\u00fchrung SAP-HANA: Vorbereitende Arbeiten zur Migration der Oracle DB nach SAP-HANA.[\/vc_column_text][\/vc_column][vc_column width=&#8220;1\/4&#8243;][vc_column_text]<\/p>\n<h6 class=\"uppercase\"><span style=\"color: white;\">.<\/span><\/h6>\n<hr \/>\n<p><strong>Mubea<\/strong><br \/>\nProjekt: Aufbau \/ Konfiguration Solman 7.2, ERP EHP8 Upgrade, Aufbau Basis Administration, Aufbau und Einf\u00fchrung Content Server, ChRm, Mitarbeit am Berechtigungskonzept HCM (Ableitung der Rollen und Verteilung) Monitoring, ChRm. Unterst\u00fctzung des Transports von Daten f\u00fcr BW. SP-Update, EHP8 Update, einspielen von AdOns \u00fcber Hinweise (Seeburger, CBS, HCM, FI u.v.m.) Umgebung: AIX \/ AS\/400 iSeries\/DB2, Linux\/HANA und Windows Server 2008, 2012.<\/p>\n<p><strong>ECE GmbH (Otto)<\/strong><br \/>\nProjekt: Beratung: Konfiguration Solman 7.2, PKI, AZUR, Erweiterung der Systemlandschaft in die Cloud (Hybridl\u00f6sung). Umgebung: SAP, Azur<\/p>\n<p><strong>AOK Krankenkasse\u00a0<\/strong><br \/>\nProjekt 1: System Management, Installation ERP und HR, CRM, Einbau des von Hinweisen, Upgrades. Upgrade Oracle 10.2.0.2 auf 11.2.0.3.<br \/>\nProjekt 2: System Management, Installation ERP und HR, CRM, Installation und Konfiugration SolMan, Einbau des EHP5 und Hinweisen.<\/p>\n<p><strong>Pfizer AG\u00a0<\/strong><br \/>\nProjekt: SAP Basis \/ Oracle Administration, Einspielung von Support Packages.<\/p>\n<p><strong>EDC European Data Center (Citigroup)<\/strong><br \/>\nProjekt: Serveradministration Migration von NT nach 2000 und 2003.<\/p>\n<p><strong>TUI-InfoTec\u00a0<\/strong><br \/>\nProjekt: Migration von NT auf Windows XP. (2000 Clients) und die Einf\u00fchrung eines Live-Cycle-Systems (OnCommand) mit Lizenzmanagement.<\/p>\n<p><strong>Doehler GmbH<\/strong><br \/>\nProjekt: Konfiguration Solman 7.2, Basis Administration, Monitoring, SP-Update, einspielen von AddOns und Hinweisen, Systemaufbau. Umgebung: Linux SLES_15\/HANA 2.0, Windows.[\/vc_column_text][\/vc_column][vc_column width=&#8220;1\/4&#8243;][vc_column_text]<\/p>\n<h6 class=\"uppercase\"><span style=\"color: white;\">.<\/span><\/h6>\n<hr \/>\n<p><strong>IVZ (ARD \/ ZDF)<\/strong><br \/>\nProjekt: Konfiguration Solman 7.2, Basis Administration, UC Migration HCM, FI, von DB Oracle (AIX) nach HANA (LINUX). Umgebung: Linux SLES_15\/HANA 2.0, Windows.<\/p>\n<p><strong>Siemens (M\u00fcnchen)\u00a0<\/strong><br \/>\nProjekt: Oracle Administration (anpassen der Patchlevel), Einspielung von Support Packages, Systemupgrades, SAP Basis Administration und Kernelaustausch.<\/p>\n<p><strong>Ciba AG (Ciba SC,Basel)\u00a0<\/strong><br \/>\nProjekt : Aufgaben im Support, Datenmigrationen, Support von Schnittstellen.<\/p>\n<p><strong>Merckle \/ Ratiofarm<\/strong><br \/>\nProjekt: Beratung und Unterst\u00fctzung zur Migration von NT auf Windows XP. (3000 Clients, 100 Server) und Softwareverteilung mit Boot-IX.<\/p>\n<p><strong>Bundesdruckerei GmbH\u00a0<\/strong><br \/>\nProjekt: Vorbereitung zum Einrichten eines Testlaboratoriums f\u00fcr Soft- und Hardwaretests nach DATech-Pr\u00fcfbaustein (Usability Engineering Prozess) auf der Grundlage von DIN EN ISO 13407 und dem DATech-Pr\u00fcfhandbuch (Gebrauchstauglichkeit) auf der Grundlage von DIN EN ISO 9241.<\/p>\n<p><strong>HZD \/ Hessisches Finanzministerium<\/strong><br \/>\nProjekt: Projektleitung UC-Migration und Upgrade auf Oracle 12c der gesamten SAP-Landschaften (ca. 100 Server). Mitarbeit im Projekt Migration HPUX nach Linux. Weitere Aufgaben: Erstellung Dokumentation, Software: Linux SLES 11, HPUX, Windows XP, SQL, Oracle, Office.<\/p>\n<p><strong>EDKA<\/strong><br \/>\nProjekt: Aufbau \/ Konfiguration Solman 7.2-SP08. Einbindung der Satelliten.<\/p>\n<p><strong>Oediv<\/strong><br \/>\nProjekt: HR und SapCryptolib Upgrade auf 120 Systemen.[\/vc_column_text][\/vc_column][vc_column width=&#8220;1\/4&#8243;][vc_column_text]<\/p>\n<h6 class=\"uppercase\"><span style=\"color: white;\">.<\/span><\/h6>\n<hr \/>\n<p><strong>Circit GmbH<\/strong><br \/>\nProjekt: Konfiguration Solman 7.2, \u00dcberarbeitung Basis Administration (Zentrale Systemvermessung, Aufbau und Einf\u00fchrung Content Server, Monitoring, SP Update, einspielen von AddOns und Hinweise, Systemkopien Standard und mit Bluecopy. Migration DB Oracle nah HANA. Umgebung: Solaris, Linux, Windows, Linux\/HANA und Windows Server 2003\/08\/12\/16\/19<\/p>\n<p><strong>Otto Group\u00a0<\/strong><br \/>\nProjekt: Einf\u00fchrung SAP. Oracle Administration, Webserver Administration.<\/p>\n<p><strong>T-Online (T-COM)<\/strong><br \/>\nProjekt:\u00a0Weiterentwicklung T-Home zur Massenmarktf\u00e4higkeit SW-Test, System-, und Integrationstest. Domain-Anbindung des Providers Congstar. Projektkoordination Congstar.<\/p>\n<p><strong>DHL IS Germany\u00a0<\/strong><br \/>\nProjekt: Migration von NT auf Windows XP. (78000 Clients). Client Rollout.<\/p>\n<p><strong>02 GmbH &amp; Co. OHG Germany<\/strong><br \/>\nProjekt: Migration von NT auf 2000. (6000 Clients) Bundesweit (Server, Client, Dom\u00e4ne) Softwareverteilung.<\/p>\n<p><strong>Adtranz Bombardier Transportation<\/strong><br \/>\nProjekt: Entwicklung eines Windows 2000 Prof. basierten Musterclients inkl. automatischer Installation Konzeption und Realisierung einer unternehmensweiten Softwareverteilung.[\/vc_column_text][\/vc_column][\/vc_row][vc_row css=&#8220;.vc_custom_1696212751943{padding-top: 20px !important;padding-right: 40px !important;padding-left: 40px !important;background-image: url(https:\/\/www.itgurus-uk.com\/wp-content\/uploads\/2020\/07\/Ideas1440-1.jpg?id=2453) !important;}&#8220;][vc_column][vc_empty_space height=&#8220;300px&#8220;][\/vc_column][\/vc_row][vc_row foundry_padding=&#8220;pb0&#8243; css=&#8220;.vc_custom_1696212767789{padding-top: 20px !important;padding-right: 40px !important;padding-left: 40px !important;}&#8220;][vc_column][vc_column_text]<\/p>\n<h6 class=\"uppercase\">UPDATES &amp; INSIGHTS<\/h6>\n<hr \/>\n<p>[\/vc_column_text][\/vc_column][\/vc_row][vc_row foundry_padding=&#8220;pb0&#8243; css=&#8220;.vc_custom_1696212780532{padding-top: 20px !important;padding-right: 40px !important;padding-left: 40px !important;}&#8220;][vc_column width=&#8220;1\/2&#8243;][vc_column_text]<a class=\"h1 thin color-primary inline-block mb24\" href=\"http:\/\/www.itgurus-uk.com\/kontakt\/\">@itgurus-uk.com<\/a><\/p>\n<p class=\"lead\">Engagement und sharing knowledge sind\u00a0Quellen\u00a0des Erfolges.<\/p>\n<p>[\/vc_column_text][\/vc_column][vc_column width=&#8220;1\/2&#8243;][vc_column_text][\/vc_column_text][\/vc_column][\/vc_row][vc_row css=&#8220;.vc_custom_1696212792945{padding-top: 20px !important;padding-right: 40px !important;padding-left: 40px !important;}&#8220;][vc_column]\n\t\t\t<div class=\"row\">\n\t\t\t\t<div class=\"twitter-feed thirds\">\n\t\t\t\t    <div class=\"tweets-feed\" data-widget-id=\"84187819\" data-amount=\"0\"  data-user-name=\"itgurus\">\n\t\t\t\t    <\/div>\n\t\t\t\t<\/div>\n\t\t\t<\/div>\n\t\t[\/vc_column][\/vc_row][vc_row full_height=&#8220;yes&#8220; foundry_parallax=&#8220;not-parallax&#8220; css=&#8220;.vc_custom_1651754492468{background-image: url(https:\/\/www.itgurus-uk.com\/wp-content\/uploads\/2020\/07\/overlay-freshblue.jpg?id=2448) !important;}&#8220;][vc_column][vc_column_text]<\/p>\n<h1 class=\"large mb0\" style=\"text-align: center;\">See you soon.<\/h1>\n<p>[\/vc_column_text][\/vc_column][\/vc_row]<\/p>\n<\/div>","protected":false},"excerpt":{"rendered":"<p>[vc_row full_width=&#8220;stretch_row&#8220;][vc_column][\/vc_column][\/vc_row][vc_row foundry_padding=&#8220;pb0&#8243;][vc_column][vc_column_text css=&#8220;.vc_custom_1696212203434{padding-top: 20px !important;padding-right: 40px !important;padding-left: 40px !important;}&#8220;] Was wir tun [\/vc_column_text][\/vc_column][\/vc_row][vc_row foundry_padding=&#8220;pb0&#8243;][vc_column][vc_column_text css=&#8220;.vc_custom_1696213708247{padding-right: 40px !important;padding-left: 40px !important;}&#8220;] Wir&#8230;<\/p>\n","protected":false},"author":1,"featured_media":0,"parent":1164,"menu_order":0,"comment_status":"closed","ping_status":"closed","template":"","meta":{"footnotes":""},"class_list":["post-525","page","type-page","status-publish","hentry"],"_links":{"self":[{"href":"https:\/\/www.itgurus-uk.com\/index.php?rest_route=\/wp\/v2\/pages\/525","targetHints":{"allow":["GET"]}}],"collection":[{"href":"https:\/\/www.itgurus-uk.com\/index.php?rest_route=\/wp\/v2\/pages"}],"about":[{"href":"https:\/\/www.itgurus-uk.com\/index.php?rest_route=\/wp\/v2\/types\/page"}],"author":[{"embeddable":true,"href":"https:\/\/www.itgurus-uk.com\/index.php?rest_route=\/wp\/v2\/users\/1"}],"replies":[{"embeddable":true,"href":"https:\/\/www.itgurus-uk.com\/index.php?rest_route=%2Fwp%2Fv2%2Fcomments&post=525"}],"version-history":[{"count":3,"href":"https:\/\/www.itgurus-uk.com\/index.php?rest_route=\/wp\/v2\/pages\/525\/revisions"}],"predecessor-version":[{"id":2816,"href":"https:\/\/www.itgurus-uk.com\/index.php?rest_route=\/wp\/v2\/pages\/525\/revisions\/2816"}],"up":[{"embeddable":true,"href":"https:\/\/www.itgurus-uk.com\/index.php?rest_route=\/wp\/v2\/pages\/1164"}],"wp:attachment":[{"href":"https:\/\/www.itgurus-uk.com\/index.php?rest_route=%2Fwp%2Fv2%2Fmedia&parent=525"}],"curies":[{"name":"wp","href":"https:\/\/api.w.org\/{rel}","templated":true}]}}