{"id":384,"date":"2013-03-07T09:14:37","date_gmt":"2013-03-07T07:14:37","guid":{"rendered":"http:\/\/www.itgurus.de\/?page_id=384"},"modified":"2025-01-18T20:33:46","modified_gmt":"2025-01-18T18:33:46","slug":"impressum","status":"publish","type":"page","link":"https:\/\/www.itgurus-uk.com\/?page_id=384","title":{"rendered":"impressum"},"content":{"rendered":"<div class=\"wpb-content-wrapper\"><p>[vc_row css=&#8220;.vc_custom_1696300363734{padding-right: 260px !important;padding-left: 260px !important;}&#8220;][vc_column width=&#8220;1\/4&#8243; css=&#8220;.vc_custom_1696300213000{padding-top: 40px !important;}&#8220;][vc_column_text]<\/p>\n<p align=\"LEFT\"><span style=\"color: #5c4b20;\"><span style=\"font-family: 'Times New Roman', Times, serif;\"><span style=\"font-size: small;\"><i><strong>IT-Gurus UK LP<\/strong><b><br \/>\nit-consulting<\/b><br \/>\n<\/i><\/span><\/span><\/span><\/p>\n<p align=\"LEFT\"><span style=\"color: #5c4b20;\"><span style=\"font-family: 'Times New Roman', Times, serif;\"><span style=\"font-size: small;\"><i>48 West George Street<br \/>\nGlasgow, G2 1BP<br \/>\n<\/i><\/span><\/span><\/span><\/p>\n<p><span style=\"color: #5c4b20;\"><span style=\"font-family: 'Times New Roman', Times, serif;\"><span style=\"font-size: small;\"><i>Tel + 49-151-67305285<br \/>\noffice(at)itgurus-uk.com<br \/>\n<\/i><\/span><\/span><\/span><\/p>\n<p align=\"LEFT\"><span style=\"color: #5c4b20;\"><span style=\"font-family: 'Times New Roman', Times, serif;\"><span style=\"font-size: small;\"><i><strong>Gesch\u00e4ftsf\u00fchrer:<\/strong><br \/>\nWolfgang Jaenchen<br \/>\n<\/i><\/span><\/span><\/span>[\/vc_column_text][vc_column_text css=&#8220;.vc_custom_1477619011051{border-radius: 25px !important;}&#8220;][\/vc_column_text][\/vc_column][vc_column width=&#8220;3\/4&#8243; css=&#8220;.vc_custom_1696300345780{padding-top: 40px !important;}&#8220;][vc_column_text]<\/p>\n<p align=\"LEFT\"><i>Verantwortlich f\u00fcr den Inhalt dieser Seiten: Wolfgang Jaenchen<\/i><\/p>\n<p align=\"LEFT\"><i><strong>Designberatung:<\/strong><br \/>\nbewusstdesign<br \/>\n<\/i><a href=\"http:\/\/www.bewusstdesign.de\/\"><i>http:\/\/www.bewusstdesign.de\/<\/i><\/a><\/p>\n<p align=\"LEFT\"><i><strong>Programmierung &amp; Hosting:<\/strong><br \/>\n<\/i><a href=\"http:\/\/www.itgurus-uk.com\/\"><i>http:\/\/www.itgurus-uk.com<\/i><\/a><\/p>\n<p align=\"LEFT\"><i>Bildmaterial: Wolfgang Jaenchen<\/i><\/p>\n<p align=\"LEFT\"><i>Sofern nicht anders angegeben und vorbehaltlich bestehender anderer Copyrights, d\u00fcrfen alle Dokumente dieser Internet-Site in einzelnen Exemplaren nur f\u00fcr pers\u00f6nliche, nicht kommerzielle Zwecke u.a. f\u00fcr Lehre und Forschung und nur mit einem Urheberrechtsschutz-Vermerk kopiert, gespeichert oder ausgedruckt werden. Dokumente d\u00fcrfen ohne ausdr\u00fcckliche Erlaubnis nicht in Kopie auf anderen Internet-Sites zur Verf\u00fcgung gestellt werden. Links auf alle Dokumente sind gleichwohl gestattet und erw\u00fcnscht.<\/i><\/p>\n<p align=\"LEFT\"><i>Haftungshinweis: Trotz sorgf\u00e4ltiger inhaltlicher Kontrolle \u00fcbernehme ich keine Haftung f\u00fcr die Inhalte externer Links. F\u00fcr den Inhalt der verlinkten Seiten sind ausschlie\u00dflich deren Betreiber verantwortlich.<\/i><\/p>\n<p>[\/vc_column_text][\/vc_column][\/vc_row]<\/p>\n<\/div>","protected":false},"excerpt":{"rendered":"<p>[vc_row css=&#8220;.vc_custom_1696300363734{padding-right: 260px !important;padding-left: 260px !important;}&#8220;][vc_column width=&#8220;1\/4&#8243; css=&#8220;.vc_custom_1696300213000{padding-top: 40px !important;}&#8220;][vc_column_text] IT-Gurus UK LP it-consulting 48 West George Street Glasgow, G2 1BP&#8230;<\/p>\n","protected":false},"author":1,"featured_media":546,"parent":0,"menu_order":9,"comment_status":"closed","ping_status":"closed","template":"","meta":{"footnotes":""},"class_list":["post-384","page","type-page","status-publish","has-post-thumbnail","hentry"],"_links":{"self":[{"href":"https:\/\/www.itgurus-uk.com\/index.php?rest_route=\/wp\/v2\/pages\/384","targetHints":{"allow":["GET"]}}],"collection":[{"href":"https:\/\/www.itgurus-uk.com\/index.php?rest_route=\/wp\/v2\/pages"}],"about":[{"href":"https:\/\/www.itgurus-uk.com\/index.php?rest_route=\/wp\/v2\/types\/page"}],"author":[{"embeddable":true,"href":"https:\/\/www.itgurus-uk.com\/index.php?rest_route=\/wp\/v2\/users\/1"}],"replies":[{"embeddable":true,"href":"https:\/\/www.itgurus-uk.com\/index.php?rest_route=%2Fwp%2Fv2%2Fcomments&post=384"}],"version-history":[{"count":3,"href":"https:\/\/www.itgurus-uk.com\/index.php?rest_route=\/wp\/v2\/pages\/384\/revisions"}],"predecessor-version":[{"id":2803,"href":"https:\/\/www.itgurus-uk.com\/index.php?rest_route=\/wp\/v2\/pages\/384\/revisions\/2803"}],"wp:featuredmedia":[{"embeddable":true,"href":"https:\/\/www.itgurus-uk.com\/index.php?rest_route=\/wp\/v2\/media\/546"}],"wp:attachment":[{"href":"https:\/\/www.itgurus-uk.com\/index.php?rest_route=%2Fwp%2Fv2%2Fmedia&parent=384"}],"curies":[{"name":"wp","href":"https:\/\/api.w.org\/{rel}","templated":true}]}}