{"id":2573,"date":"2022-05-08T07:11:51","date_gmt":"2022-05-08T05:11:51","guid":{"rendered":"https:\/\/www.itgurus-uk.com\/?page_id=2573"},"modified":"2023-10-03T04:34:44","modified_gmt":"2023-10-03T02:34:44","slug":"datenschutzerklaerung","status":"publish","type":"page","link":"https:\/\/www.itgurus-uk.com\/?page_id=2573","title":{"rendered":"Datenschutzerkl\u00e4rung"},"content":{"rendered":"<div class=\"wpb-content-wrapper\"><p>[vc_row css=&#8220;.vc_custom_1696300478497{padding-right: 260px !important;padding-left: 260px !important;}&#8220;][vc_column][vc_column_text css=&#8220;.vc_custom_1696299636646{padding-top: 40px !important;}&#8220;]<\/p>\r\n<h2 class=\"wp-block-heading\">Wer wir sind<\/h2>\r\n<p>\r\n\r\nDie Adresse unserer Website ist: https:\/\/www.itgurus-uk.com.<\/p>\r\n<p>\u00a0<\/p>\r\n\r\n<h2 class=\"wp-block-heading\">Kommentare<\/h2>\r\n<p>\r\n\r\nWenn Besucher Kommentare auf der Website schreiben, sammeln wir die Daten, die im Kommentar-Formular angezeigt werden, au\u00dferdem die IP-Adresse des Besuchers und den User-Agent-String (damit wird der Browser identifiziert), um die Erkennung von Spam zu unterst\u00fctzen.<\/p>\r\n<p>\r\n\r\nAus deiner E-Mail-Adresse kann eine anonymisierte Zeichenfolge erstellt (auch Hash genannt) und dem Gravatar-Dienst \u00fcbergeben werden, um zu pr\u00fcfen, ob du diesen benutzt. Die Datenschutzerkl\u00e4rung des Gravatar-Dienstes findest du hier: https:\/\/automattic.com\/privacy\/. Nachdem dein Kommentar freigegeben wurde, ist dein Profilbild \u00f6ffentlich im Kontext deines Kommentars sichtbar.<\/p>\r\n<p>\u00a0<\/p>\r\n\r\n<h2 class=\"wp-block-heading\">Medien<\/h2>\r\n<p>\r\n\r\nWenn du ein registrierter Benutzer bist und Fotos auf diese Website l\u00e4dst, solltest du vermeiden, Fotos mit einem EXIF-GPS-Standort hochzuladen. Besucher dieser Website k\u00f6nnten Fotos, die auf dieser Website gespeichert sind, herunterladen und deren Standort-Informationen extrahieren.<\/p>\r\n<p>\u00a0<\/p>\r\n\r\n<h2 class=\"wp-block-heading\">Cookies<\/h2>\r\n<p>\r\n\r\nWenn du einen Kommentar auf unserer Website schreibst, kann das eine Einwilligung sein, deinen Namen, E-Mail-Adresse und Website in Cookies zu speichern. Dies ist eine Komfortfunktion, damit du nicht, wenn du einen weiteren Kommentar schreibst, all diese Daten erneut eingeben musst. Diese Cookies werden ein Jahr lang gespeichert.<\/p>\r\n<p>\r\n\r\nFalls du ein Konto hast und dich auf dieser Website anmeldest, werden wir ein tempor\u00e4res Cookie setzen, um festzustellen, ob dein Browser Cookies akzeptiert. Dieses Cookie enth\u00e4lt keine personenbezogenen Daten und wird verworfen, wenn du deinen Browser schlie\u00dft.<\/p>\r\n<p>\r\n\r\nWenn du dich anmeldest, werden wir einige Cookies einrichten, um deine Anmeldeinformationen und Anzeigeoptionen zu speichern. Anmelde-Cookies verfallen nach zwei Tagen und Cookies f\u00fcr die Anzeigeoptionen nach einem Jahr. Falls du bei der Anmeldung \u201eAngemeldet bleiben\u201c ausw\u00e4hlst, wird deine Anmeldung zwei Wochen lang aufrechterhalten. Mit der Abmeldung aus deinem Konto werden die Anmelde-Cookies gel\u00f6scht.<\/p>\r\n<p>\r\n\r\nWenn du einen Artikel bearbeitest oder ver\u00f6ffentlichst, wird ein zus\u00e4tzlicher Cookie in deinem Browser gespeichert. Dieser Cookie enth\u00e4lt keine personenbezogenen Daten und verweist nur auf die Beitrags-ID des Artikels, den du gerade bearbeitet hast. Der Cookie verf\u00e4llt nach einem Tag.<\/p>\r\n<p>\u00a0<\/p>\r\n\r\n<h2 class=\"wp-block-heading\">Eingebettete Inhalte von anderen Websites<\/h2>\r\n<p>\r\n\r\nBeitr\u00e4ge auf dieser Website k\u00f6nnen eingebettete Inhalte beinhalten (z.\u00a0B. Videos, Bilder, Beitr\u00e4ge etc.). Eingebettete Inhalte von anderen Websites verhalten sich exakt so, als ob der Besucher die andere Website besucht h\u00e4tte.<\/p>\r\n<p>\r\n\r\nDiese Websites k\u00f6nnen Daten \u00fcber dich sammeln, Cookies benutzen, zus\u00e4tzliche Tracking-Dienste von Dritten einbetten und deine Interaktion mit diesem eingebetteten Inhalt aufzeichnen, inklusive deiner Interaktion mit dem eingebetteten Inhalt, falls du ein Konto hast und auf dieser Website angemeldet bist.<\/p>\r\n<p>\u00a0<\/p>\r\n\r\n<h2 class=\"wp-block-heading\">Mit wem wir deine Daten teilen<\/h2>\r\n<p>\r\n\r\nWenn du eine Zur\u00fccksetzung des Passworts beantragst, wird deine IP-Adresse in der E-Mail zur Zur\u00fccksetzung enthalten sein.<\/p>\r\n<p>\u00a0<\/p>\r\n\r\n<h2 class=\"wp-block-heading\">Wie lange wir deine Daten speichern<\/h2>\r\n<p>\r\n\r\nWenn du einen Kommentar schreibst, wird dieser inklusive Metadaten zeitlich unbegrenzt gespeichert. Auf diese Art k\u00f6nnen wir Folgekommentare automatisch erkennen und freigeben, anstatt sie in einer Moderations-Warteschlange festzuhalten.<\/p>\r\n<p>\r\n\r\nF\u00fcr Benutzer, die sich auf unserer Website registrieren, speichern wir zus\u00e4tzlich die pers\u00f6nlichen Informationen, die sie in ihren Benutzerprofilen angeben. Alle Benutzer k\u00f6nnen jederzeit ihre pers\u00f6nlichen Informationen einsehen, ver\u00e4ndern oder l\u00f6schen (der Benutzername kann nicht ver\u00e4ndert werden). Administratoren der Website k\u00f6nnen diese Informationen ebenfalls einsehen und ver\u00e4ndern.<\/p>\r\n<p>\u00a0<\/p>\r\n\r\n<h2 class=\"wp-block-heading\">Welche Rechte du an deinen Daten hast<\/h2>\r\n<p>\r\n\r\nWenn du ein Konto auf dieser Website besitzt oder Kommentare geschrieben hast, kannst du einen Export deiner personenbezogenen Daten bei uns anfordern, inklusive aller Daten, die du uns mitgeteilt hast. Dar\u00fcber hinaus kannst du die L\u00f6schung aller personenbezogenen Daten, die wir von dir gespeichert haben, anfordern. Dies umfasst nicht die Daten, die wir aufgrund administrativer, rechtlicher oder sicherheitsrelevanter Notwendigkeiten aufbewahren m\u00fcssen.<\/p>\r\n<p>\u00a0<\/p>\r\n\r\n<h2 class=\"wp-block-heading\">Wohin wir deine Daten senden<\/h2>\r\n<p>\r\n\r\nBesucher-Kommentare k\u00f6nnten von einem automatisierten Dienst zur Spam-Erkennung untersucht werden.<\/p>\r\n<p>\r\n\r\nWir sammeln Informationen \u00fcber Dich w\u00e4hrend des Bestellvorgangs in unserem Shop.<\/p>\r\n<p>\u00a0<\/p>\r\n\r\n<h2 class=\"wp-block-heading\">Was wir sammeln und speichern<\/h2>\r\n<p>\r\n\r\nW\u00e4hrend du unsere Website besuchst, zeichnen wir auf:<\/p>\r\n<p>\u00a0<\/p>\r\n\r\n<ul class=\"wp-block-list\">\r\n<li>Angesehene Produkte: Hier zeigen wir dir Produkte, die du vor Kurzem angesehen hast.<\/li>\r\n<li>Standort, IP-Adresse und Browser-Typ: Wir verwenden dies f\u00fcr Zwecke wie die Sch\u00e4tzung von Steuern und Versandkosten<\/li>\r\n<li>Versandadresse: Wir werden dich auffordern, diese anzugeben, um beispielsweise die Versandkosten bestimmen zu k\u00f6nnen, bevor du eine Bestellung aufgibst, und dir die Bestellung zusenden zu k\u00f6nnen.<\/li>\r\n<\/ul>\r\n<p>\r\n\r\nWir nutzen auch Cookies, um den Inhalt deines Warenkorbs zu verfolgen, w\u00e4hrend du unsere Website besuchst.<\/p>\r\n<p>\r\n\r\nWenn du bei uns einkaufst, werden wir dich auffordern, Informationen wie deinen Namen, deine Rechnungs- und Versandadresse, deine E-Mail-Adresse und deine Telefonnummer, Kreditkartendaten\/Zahlungsdetails sowie optionale Kontoinformationen wie Benutzername und Kennwort anzugeben. Wir nutzen diese Informationen f\u00fcr folgende Zwecke:<\/p>\r\n<p>\u00a0<\/p>\r\n\r\n<ul class=\"wp-block-list\">\r\n<li>Zusenden von Informationen \u00fcber dein Konto und Bestellung<\/li>\r\n<li>Antwort auf deine Anfragen, inklusive Erstattungen und Beschwerden<\/li>\r\n<li>Bearbeitung von Zahlungsvorg\u00e4ngen und Verhinderung von Betrug<\/li>\r\n<li>Richten Sie Ihr Konto f\u00fcr unseren Shop ein<\/li>\r\n<li>Einhaltung aller rechtlichen Verpflichtungen, beispielsweise die Steuerberechnung<\/li>\r\n<li>Verbesserung unsere Shop-Angebote<\/li>\r\n<li>Senden von Marketing-Nachrichten, wenn du diese erhalten m\u00f6chtest<\/li>\r\n<\/ul>\r\n<p>\r\n\r\nWenn du ein Konto bei uns erstellst, speichern wir deinen Namen, deine Adresse, deine E-Mail-Adresse und deine Telefonnummer. Diese Angaben werden bei k\u00fcnftigen Bestellungen zum Ausf\u00fcllen der Bezahlinformationen verwendet.<\/p>\r\n<p>\r\n\r\nWir speichern Informationen \u00fcber dich \u00fcblicherweise so lange, wie wir sie f\u00fcr den Zweck der Erfassung und Nutzung ben\u00f6tigen und verpflichtet sind, sie zu speichern. Beispielsweise speichern wir Bestellinformationen aus Steuer- und Abrechnungsgr\u00fcnden. Dazu geh\u00f6rt dein Name, deine E-Mail-Adresse sowie deine Rechnungs- und Versandadresse.<\/p>\r\n<p>\r\n\r\nWir speichern auch Kommentare oder Bewertungen, wenn du dich dazu entscheidest diese zu hinterlassen.<\/p>\r\n<p>\u00a0<\/p>\r\n\r\n<h2 class=\"wp-block-heading\">Wer aus unserem Team hat Zugang<\/h2>\r\n<p>\r\n\r\nMitglieder unseres Teams haben Zugang zu den Informationen, die du uns zur Verf\u00fcgung stellst. Zum Beispiel k\u00f6nnen sowohl Administratoren als auch Shop-Manager auf Folgendes zugreifen:<\/p>\r\n<p>\u00a0<\/p>\r\n\r\n<ul class=\"wp-block-list\">\r\n<li>Bestellinformationen wie gekaufte Produkte, der Zeitpunkt des Kaufs sowie die Versandadresse und<\/li>\r\n<li>Kundeninformationen wie dein Name, E-Mail-Adresse, sowie Rechnungs- und Versandinformationen.<\/li>\r\n<\/ul>\r\n<p>\r\n\r\nUnsere Teammitglieder haben Zugriff auf diese Informationen, um Bestellungen zu bearbeiten, R\u00fcckerstattungen vorzunehmen und Dich zu unterst\u00fctzen.<\/p>\r\n<p>\u00a0<\/p>\r\n\r\n<h2 class=\"wp-block-heading\">Was wir mit anderen teilen<\/h2>\r\n<p>\r\n\r\nWir teilen Informationen mit Dritten, die uns helfen, Ihnen unsere Bestellungen und Dienstleistungen anzubieten.<\/p>\r\n<p>\u00a0<\/p>\r\n\r\n<h3 class=\"wp-block-heading\">Zahlungen<\/h3>\r\n<p>\r\n\r\nWir akzeptieren Zahlungen mit PayPal. Bei der Zahlungsabwicklung werden einige deiner Daten an PayPal weitergegeben. Hierbei werden ausschlie\u00dflich erforderliche Informationen f\u00fcr die Verarbeitung oder Durchf\u00fchrung der Zahlung weitergegeben wie beispielsweise Gesamtkaufpreis und Zahlungsinformationen.<\/p>\r\n<p>\r\n\r\nHier kannst du dir die\u00a0<a href=\"https:\/\/www.paypal.com\/us\/webapps\/mpp\/ua\/privacy-full\">PayPal Datenschutzerkl\u00e4rung<\/a>\u00a0ansehen.<\/p>\r\n<p>\r\n\r\nWir sammeln Informationen \u00fcber Besucher, die Kommentare auf Websites, die unseren Akismet Anti-Spam Service benutzen, hinterlassen. Das Ausma\u00df an Informationen, die wir sammeln, h\u00e4ngt davon ab, wie der Benutzer seine Website eingestellt hat. Normalerweise beinhalten diese Daten die IP-Adresse des Benutzers, den User Agent, Referrer und Website-URL (sowie die Informationen, die der Benutzer direkt eingegeben hat wie z.B. Namen, Benutzernamen, E-Mail-Adresse und den Kommentar selbst).<\/p>\r\n\r\n<p>[\/vc_column_text][\/vc_column][\/vc_row]<\/p><\/div>","protected":false},"excerpt":{"rendered":"<p>[vc_row css=&#8220;.vc_custom_1696300478497{padding-right: 260px !important;padding-left: 260px !important;}&#8220;][vc_column][vc_column_text css=&#8220;.vc_custom_1696299636646{padding-top: 40px !important;}&#8220;] Wer wir sind Die Adresse unserer Website ist: https:\/\/www.itgurus-uk.com. \u00a0 Kommentare Wenn&#8230;<\/p>\n","protected":false},"author":1,"featured_media":0,"parent":0,"menu_order":0,"comment_status":"closed","ping_status":"closed","template":"","meta":{"footnotes":""},"class_list":["post-2573","page","type-page","status-publish","hentry"],"_links":{"self":[{"href":"https:\/\/www.itgurus-uk.com\/index.php?rest_route=\/wp\/v2\/pages\/2573","targetHints":{"allow":["GET"]}}],"collection":[{"href":"https:\/\/www.itgurus-uk.com\/index.php?rest_route=\/wp\/v2\/pages"}],"about":[{"href":"https:\/\/www.itgurus-uk.com\/index.php?rest_route=\/wp\/v2\/types\/page"}],"author":[{"embeddable":true,"href":"https:\/\/www.itgurus-uk.com\/index.php?rest_route=\/wp\/v2\/users\/1"}],"replies":[{"embeddable":true,"href":"https:\/\/www.itgurus-uk.com\/index.php?rest_route=%2Fwp%2Fv2%2Fcomments&post=2573"}],"version-history":[{"count":2,"href":"https:\/\/www.itgurus-uk.com\/index.php?rest_route=\/wp\/v2\/pages\/2573\/revisions"}],"predecessor-version":[{"id":2652,"href":"https:\/\/www.itgurus-uk.com\/index.php?rest_route=\/wp\/v2\/pages\/2573\/revisions\/2652"}],"wp:attachment":[{"href":"https:\/\/www.itgurus-uk.com\/index.php?rest_route=%2Fwp%2Fv2%2Fmedia&parent=2573"}],"curies":[{"name":"wp","href":"https:\/\/api.w.org\/{rel}","templated":true}]}}