{"id":2017,"date":"2016-11-04T21:25:15","date_gmt":"2016-11-04T19:25:15","guid":{"rendered":"http:\/\/www.itgurus.de\/?page_id=2017"},"modified":"2023-10-03T04:37:25","modified_gmt":"2023-10-03T02:37:25","slug":"ourblog","status":"publish","type":"page","link":"https:\/\/www.itgurus-uk.com\/?page_id=2017","title":{"rendered":"Blog"},"content":{"rendered":"<div class=\"wpb-content-wrapper\"><p>[vc_row full_width=&#8220;stretch_row&#8220;][vc_column]\n\t\t\t<section class=\"fullscreen image-bg background-multiply parallax hero-header\">\n\t\t\t    <div class=\"background-image-holder\">\n\t\t\t        <img loading=\"lazy\" decoding=\"async\" width=\"1024\" height=\"672\" src=\"https:\/\/www.itgurus-uk.com\/wp-content\/uploads\/2016\/11\/galerie-3.jpg\" class=\"background-image\" alt=\"\" srcset=\"https:\/\/www.itgurus-uk.com\/wp-content\/uploads\/2016\/11\/galerie-3.jpg 1024w, https:\/\/www.itgurus-uk.com\/wp-content\/uploads\/2016\/11\/galerie-3-120x79.jpg 120w, https:\/\/www.itgurus-uk.com\/wp-content\/uploads\/2016\/11\/galerie-3-300x197.jpg 300w, https:\/\/www.itgurus-uk.com\/wp-content\/uploads\/2016\/11\/galerie-3-768x504.jpg 768w\" sizes=\"auto, (max-width: 1024px) 100vw, 1024px\" \/>\n\t\t\t    <\/div>\n\t\t\t    <div class=\"container v-align-transform\">\n\t\t\t        <div class=\"row\">\n\t\t\t            <div class=\"col-sm-12 text-center\">\n\t\t\t                <\/p>\n<h1 style=\"text-align: center;\">SAP<\/h1>\n<p>\n\n\t\t\t            <\/div>\n\t\t\t        <\/div>\n\t\t\t    <\/div>\n\t\t\t    <div class=\"align-bottom text-center\">\n\t\t\t        <a class=\"btn btn-white mb32\" href=\"http:\/\/www.itgurus-uk.com\/\">Home<\/a>\n\t\t\t        <ul class=\"list-inline social-list mb24\">\n\t\t\t            \n\t\t\t        <\/ul>\n\t\t\t    <\/div>\n\t\t\t<\/section>\n\t\t[\/vc_column][\/vc_row][vc_row css=&#8220;.vc_custom_1696300619910{padding-top: 40px !important;padding-right: 80px !important;padding-left: 80px !important;}&#8220;][vc_column]\t\n\t\t\t\n\t\t<div class=\"row mb40\">\n\t\t\t<div class=\"col-sm-4\">\n\n    <a href=\"https:\/\/www.itgurus-uk.com\/?p=2240\">\n            <\/a>\n    \n    <a href=\"https:\/\/www.itgurus-uk.com\/?p=2240\"><h4 class=\"mb8\">InstallationProcess Content Server (CS)<\/h4><\/a>    \n    <ul class=\"list-inline mb16\">\n        <li>9. April 2020<\/li>\n        <li><a href=\"https:\/\/www.itgurus-uk.com\/?author=1\" title=\"Beitr\u00e4ge von admin\" rel=\"author\">admin<\/a><\/li>\n        <li><span class=\"label\"><a href=\"https:\/\/www.itgurus-uk.com\/?cat=1\" rel=\"category\">Allgemein<\/a><\/span><span class=\"label\"><a href=\"https:\/\/www.itgurus-uk.com\/?cat=3\" rel=\"category\">SAP<\/a><\/span><\/li>\n    <\/ul>\n    \n    <p class=\"mb0\">IIS 7 oder 8 Installieren \u00fcber Windows Server Rollen und Features Danach die Installation mit dem SWPM starten (SWPM higher than...<\/p>\n    \n<\/div><div class=\"col-sm-4\">\n\n    <a href=\"https:\/\/www.itgurus-uk.com\/?p=2125\">\n            <\/a>\n    \n    <a href=\"https:\/\/www.itgurus-uk.com\/?p=2125\"><h4 class=\"mb8\">ChaRM-7-2-Grundcustomizing<\/h4><\/a>    \n    <ul class=\"list-inline mb16\">\n        <li>8. April 2020<\/li>\n        <li><a href=\"https:\/\/www.itgurus-uk.com\/?author=1\" title=\"Beitr\u00e4ge von admin\" rel=\"author\">admin<\/a><\/li>\n        <li><span class=\"label\"><a href=\"https:\/\/www.itgurus-uk.com\/?cat=1\" rel=\"category\">Allgemein<\/a><\/span><\/li>\n    <\/ul>\n    \n    <p class=\"mb0\">Grundcustomizing Dienstag, 14. M\u00e4rz 2017 08:24 SOLMAN_SETUP&nbsp;\u00e0&nbsp;Change Request Management EDIT-11.07.2017 &#8211; Deaktivierung des ChaRM Code-Inspectors Transaktion ATC Men\u00fcreiter ATC konfigurieren. Dort...<\/p>\n    \n<\/div><div class=\"col-sm-4\">\n\n    <a href=\"https:\/\/www.itgurus-uk.com\/?p=2088\">\n            <\/a>\n    \n    <a href=\"https:\/\/www.itgurus-uk.com\/?p=2088\"><h4 class=\"mb8\">SPAM oder SAINT abbrechen<\/h4><\/a>    \n    <ul class=\"list-inline mb16\">\n        <li>25. November 2016<\/li>\n        <li><a href=\"https:\/\/www.itgurus-uk.com\/?author=1\" title=\"Beitr\u00e4ge von admin\" rel=\"author\">admin<\/a><\/li>\n        <li><span class=\"label\"><a href=\"https:\/\/www.itgurus-uk.com\/?cat=1\" rel=\"category\">Allgemein<\/a><\/span><span class=\"label\"><a href=\"https:\/\/www.itgurus-uk.com\/?cat=31\" rel=\"category\">Journal<\/a><\/span><span class=\"label\"><a href=\"https:\/\/www.itgurus-uk.com\/?cat=3\" rel=\"category\">SAP<\/a><\/span><\/li>\n    <\/ul>\n    \n    <p class=\"mb0\">TA SE37 select program name : OCS_RESET_QUEUE test\/execute (F8) import parameters IV_tool : SPAM IV_FORCE : X Execute (F8)<\/p>\n    \n<\/div><\/div><div class=\"row mb40\"><div class=\"col-sm-4\">\n\n    <a href=\"https:\/\/www.itgurus-uk.com\/?p=482\">\n            <\/a>\n    \n    <a href=\"https:\/\/www.itgurus-uk.com\/?p=482\"><h4 class=\"mb8\">SP12<\/h4><\/a>    \n    <ul class=\"list-inline mb16\">\n        <li>6. April 2014<\/li>\n        <li><a href=\"https:\/\/www.itgurus-uk.com\/?author=1\" title=\"Beitr\u00e4ge von admin\" rel=\"author\">admin<\/a><\/li>\n        <li><span class=\"label\"><a href=\"https:\/\/www.itgurus-uk.com\/?cat=31\" rel=\"category\">Journal<\/a><\/span><span class=\"label\"><a href=\"https:\/\/www.itgurus-uk.com\/?cat=3\" rel=\"category\">SAP<\/a><\/span><span class=\"label\"><a href=\"https:\/\/www.itgurus-uk.com\/?cat=4\" rel=\"category\">TC-Codes<\/a><\/span><\/li>\n    <\/ul>\n    \n    <p class=\"mb0\">Konsistenzpr\u00fcfung der TemSe Beschreibung Die TemSe dient als tempor\u00e4rer Zwischenspeicher f\u00fcr verschiedene Arten von Objekten (Spool, Batchinput Protokolle, &#8230;). Sie besteht...<\/p>\n    \n<\/div><div class=\"col-sm-4\">\n\n    <a href=\"https:\/\/www.itgurus-uk.com\/?p=480\">\n            <\/a>\n    \n    <a href=\"https:\/\/www.itgurus-uk.com\/?p=480\"><h4 class=\"mb8\">SP01 \/ SP12<\/h4><\/a>    \n    <ul class=\"list-inline mb16\">\n        <li>6. April 2014<\/li>\n        <li><a href=\"https:\/\/www.itgurus-uk.com\/?author=1\" title=\"Beitr\u00e4ge von admin\" rel=\"author\">admin<\/a><\/li>\n        <li><span class=\"label\"><a href=\"https:\/\/www.itgurus-uk.com\/?cat=31\" rel=\"category\">Journal<\/a><\/span><span class=\"label\"><a href=\"https:\/\/www.itgurus-uk.com\/?cat=3\" rel=\"category\">SAP<\/a><\/span><span class=\"label\"><a href=\"https:\/\/www.itgurus-uk.com\/?cat=4\" rel=\"category\">TC-Codes<\/a><\/span><\/li>\n    <\/ul>\n    \n    <p class=\"mb0\">Reorganisation Spoolauftr\u00e4ge Beschreibung Ausdrucke in SAP Systemen werden mit zwei Begriffen klassifiziert. Spoolauftrag bezeichnet die Ablage der zu druckenden Daten in...<\/p>\n    \n<\/div><div class=\"col-sm-4\">\n\n    <a href=\"https:\/\/www.itgurus-uk.com\/?p=478\">\n            <\/a>\n    \n    <a href=\"https:\/\/www.itgurus-uk.com\/?p=478\"><h4 class=\"mb8\">SE16 \/PBSAG\/SPOID<\/h4><\/a>    \n    <ul class=\"list-inline mb16\">\n        <li>6. April 2014<\/li>\n        <li><a href=\"https:\/\/www.itgurus-uk.com\/?author=1\" title=\"Beitr\u00e4ge von admin\" rel=\"author\">admin<\/a><\/li>\n        <li><span class=\"label\"><a href=\"https:\/\/www.itgurus-uk.com\/?cat=31\" rel=\"category\">Journal<\/a><\/span><span class=\"label\"><a href=\"https:\/\/www.itgurus-uk.com\/?cat=3\" rel=\"category\">SAP<\/a><\/span><span class=\"label\"><a href=\"https:\/\/www.itgurus-uk.com\/?cat=4\" rel=\"category\">TC-Codes<\/a><\/span><\/li>\n    <\/ul>\n    \n    <p class=\"mb0\">Spool Parallelverarbeitung Beschreibung Zur Vesserung der Parallelverarbeitung kann die TemSe partitioniert werden. Durch geschickte Verwendung von Nummernkreisen im Spoolsystem kann damit...<\/p>\n    \n<\/div><\/div><div class=\"row mb40\"><div class=\"col-sm-4\">\n\n    <a href=\"https:\/\/www.itgurus-uk.com\/?p=408\">\n            <\/a>\n    \n    <a href=\"https:\/\/www.itgurus-uk.com\/?p=408\"><h4 class=\"mb8\">Einspielung KK-Betriebsnummerndatei<\/h4><\/a>    \n    <ul class=\"list-inline mb16\">\n        <li>17. M\u00e4rz 2013<\/li>\n        <li><a href=\"https:\/\/www.itgurus-uk.com\/?author=1\" title=\"Beitr\u00e4ge von admin\" rel=\"author\">admin<\/a><\/li>\n        <li><span class=\"label\"><a href=\"https:\/\/www.itgurus-uk.com\/?cat=31\" rel=\"category\">Journal<\/a><\/span><span class=\"label\"><a href=\"https:\/\/www.itgurus-uk.com\/?cat=3\" rel=\"category\">SAP<\/a><\/span><\/li>\n    <\/ul>\n    \n    <p class=\"mb0\">SAP ERP HCM HowTo &#8211; Einspielung KK-Betriebsnummerndatei Von der ITSG wird in unregelm\u00e4\u00dfigen Abst\u00e4nden eine aktualisierte Version der Betriebsnummerndatei zum Download...<\/p>\n    \n<\/div><div class=\"col-sm-4\">\n\n    <a href=\"https:\/\/www.itgurus-uk.com\/?p=400\">\n            <\/a>\n    \n    <a href=\"https:\/\/www.itgurus-uk.com\/?p=400\"><h4 class=\"mb8\">HTML5 prefetching<\/h4><\/a>    \n    <ul class=\"list-inline mb16\">\n        <li>11. M\u00e4rz 2013<\/li>\n        <li><a href=\"https:\/\/www.itgurus-uk.com\/?author=1\" title=\"Beitr\u00e4ge von admin\" rel=\"author\">admin<\/a><\/li>\n        <li><span class=\"label\"><a href=\"https:\/\/www.itgurus-uk.com\/?cat=10\" rel=\"category\">html \/ css<\/a><\/span><span class=\"label\"><a href=\"https:\/\/www.itgurus-uk.com\/?cat=31\" rel=\"category\">Journal<\/a><\/span><\/li>\n    <\/ul>\n    \n    <p class=\"mb0\">Prefetching ist eine simple Technik, die das Vorladen von weiterf\u00fchrenden Webseiten erm\u00f6glicht und so f\u00fcr angenehm kurze Ladezeiten beim Wechsel auf...<\/p>\n    \n<\/div><div class=\"col-sm-4\">\n\n    <a href=\"https:\/\/www.itgurus-uk.com\/?p=391\">\n            <\/a>\n    \n    <a href=\"https:\/\/www.itgurus-uk.com\/?p=391\"><h4 class=\"mb8\">Work Process Configuration<\/h4><\/a>    \n    <ul class=\"list-inline mb16\">\n        <li>11. M\u00e4rz 2013<\/li>\n        <li><a href=\"https:\/\/www.itgurus-uk.com\/?author=1\" title=\"Beitr\u00e4ge von admin\" rel=\"author\">admin<\/a><\/li>\n        <li><span class=\"label\"><a href=\"https:\/\/www.itgurus-uk.com\/?cat=3\" rel=\"category\">SAP<\/a><\/span><span class=\"label\"><a href=\"https:\/\/www.itgurus-uk.com\/?cat=4\" rel=\"category\">TC-Codes<\/a><\/span><\/li>\n    <\/ul>\n    \n    <p class=\"mb0\">Wie viele Work Processe sind sinnvoll? Wenn es zu wenige Prozesse f\u00fcr einen Typ (Dialog Schritte, Updates, Hintergrund-Jobs) gibt,\u00a0m\u00fcssen Arbeitsprozesse warten....<\/p>\n    \n<\/div><\/div><div class=\"row mb40\"><div class=\"col-sm-4\">\n\n    <a href=\"https:\/\/www.itgurus-uk.com\/?p=367\">\n            <\/a>\n    \n    <a href=\"https:\/\/www.itgurus-uk.com\/?p=367\"><h4 class=\"mb8\">Installation weiterer Sprachen<\/h4><\/a>    \n    <ul class=\"list-inline mb16\">\n        <li>28. Februar 2013<\/li>\n        <li><a href=\"https:\/\/www.itgurus-uk.com\/?author=1\" title=\"Beitr\u00e4ge von admin\" rel=\"author\">admin<\/a><\/li>\n        <li><span class=\"label\"><a href=\"https:\/\/www.itgurus-uk.com\/?cat=1\" rel=\"category\">Allgemein<\/a><\/span><span class=\"label\"><a href=\"https:\/\/www.itgurus-uk.com\/?cat=3\" rel=\"category\">SAP<\/a><\/span><\/li>\n    <\/ul>\n    \n    <p class=\"mb0\">Installation weiterer Sprachen Um weitere Sprache in ein SAP ABAP System zu installieren, m\u00fcssen die folgenden Schritte ausgef\u00fchrt werden: RZ10 Sprachenspezifische...<\/p>\n    \n<\/div>\t\n\t\t<\/div>\n\t\t\n\t\t<div class='text-center'><ul class='pagination'><li class='active'><a href='https:\/\/www.itgurus-uk.com\/index.php?rest_route=%2Fwp%2Fv2%2Fpages%2F2017'>1<\/a><\/li> <li><a href='https:\/\/www.itgurus-uk.com\/index.php?rest_route=%2Fwp%2Fv2%2Fpages%2F2017&#038;paged=2'>2<\/a><\/li> <li><a href='https:\/\/www.itgurus-uk.com\/index.php?rest_route=%2Fwp%2Fv2%2Fpages%2F2017&#038;paged=3'>3<\/a><\/li> <\/ul><\/div>\t\t\n\t\t\t\t\n[\/vc_column][\/vc_row]<\/p>\n<\/div>","protected":false},"excerpt":{"rendered":"<p>[vc_row full_width=&#8220;stretch_row&#8220;][vc_column][\/vc_column][\/vc_row][vc_row css=&#8220;.vc_custom_1696300619910{padding-top: 40px !important;padding-right: 80px !important;padding-left: 80px !important;}&#8220;][vc_column][\/vc_column][\/vc_row]<\/p>\n","protected":false},"author":1,"featured_media":0,"parent":0,"menu_order":0,"comment_status":"closed","ping_status":"closed","template":"","meta":{"footnotes":""},"class_list":["post-2017","page","type-page","status-publish","hentry"],"_links":{"self":[{"href":"https:\/\/www.itgurus-uk.com\/index.php?rest_route=\/wp\/v2\/pages\/2017","targetHints":{"allow":["GET"]}}],"collection":[{"href":"https:\/\/www.itgurus-uk.com\/index.php?rest_route=\/wp\/v2\/pages"}],"about":[{"href":"https:\/\/www.itgurus-uk.com\/index.php?rest_route=\/wp\/v2\/types\/page"}],"author":[{"embeddable":true,"href":"https:\/\/www.itgurus-uk.com\/index.php?rest_route=\/wp\/v2\/users\/1"}],"replies":[{"embeddable":true,"href":"https:\/\/www.itgurus-uk.com\/index.php?rest_route=%2Fwp%2Fv2%2Fcomments&post=2017"}],"version-history":[{"count":2,"href":"https:\/\/www.itgurus-uk.com\/index.php?rest_route=\/wp\/v2\/pages\/2017\/revisions"}],"predecessor-version":[{"id":2654,"href":"https:\/\/www.itgurus-uk.com\/index.php?rest_route=\/wp\/v2\/pages\/2017\/revisions\/2654"}],"wp:attachment":[{"href":"https:\/\/www.itgurus-uk.com\/index.php?rest_route=%2Fwp%2Fv2%2Fmedia&parent=2017"}],"curies":[{"name":"wp","href":"https:\/\/api.w.org\/{rel}","templated":true}]}}