{"id":1992,"date":"2016-11-04T10:06:32","date_gmt":"2016-11-04T08:06:32","guid":{"rendered":"http:\/\/www.itgurus.de\/?page_id=1992"},"modified":"2023-10-09T06:05:47","modified_gmt":"2023-10-09T04:05:47","slug":"kontakt","status":"publish","type":"page","link":"https:\/\/www.itgurus-uk.com\/?page_id=1992","title":{"rendered":"Kontakt"},"content":{"rendered":"<div class=\"wpb-content-wrapper\"><p>[vc_row full_width=&#8220;stretch_row&#8220; foundry_background_style=&#8220;bg-primary&#8220;][vc_column]\n\t\t\t<section class=\"fullscreen image-bg background-multiply parallax hero-header\">\n\t\t\t    <div class=\"background-image-holder\">\n\t\t\t        <img loading=\"lazy\" decoding=\"async\" width=\"1024\" height=\"646\" src=\"https:\/\/www.itgurus-uk.com\/wp-content\/uploads\/2016\/11\/Marketing-1.jpg\" class=\"background-image\" alt=\"\" srcset=\"https:\/\/www.itgurus-uk.com\/wp-content\/uploads\/2016\/11\/Marketing-1.jpg 1024w, https:\/\/www.itgurus-uk.com\/wp-content\/uploads\/2016\/11\/Marketing-1-120x76.jpg 120w, https:\/\/www.itgurus-uk.com\/wp-content\/uploads\/2016\/11\/Marketing-1-300x189.jpg 300w, https:\/\/www.itgurus-uk.com\/wp-content\/uploads\/2016\/11\/Marketing-1-768x485.jpg 768w\" sizes=\"auto, (max-width: 1024px) 100vw, 1024px\" \/>\n\t\t\t    <\/div>\n\t\t\t    <div class=\"container v-align-transform\">\n\t\t\t        <div class=\"row\">\n\t\t\t            <div class=\"col-sm-12 text-center\">\n\t\t\t                <\/p>\n<h1 class=\"thin mb0\" style=\"text-align: center;\">A Glasgow based IT Consulting firm for innovative entrepreneurs in Europe.<\/h1>\n<p>\n\n\t\t\t            <\/div>\n\t\t\t        <\/div>\n\t\t\t    <\/div>\n\t\t\t    <div class=\"align-bottom text-center\">\n\t\t\t        <a class=\"btn btn-white mb32\" href=\"http:\/\/www.itgurus-uk.com\/\">Home<\/a>\n\t\t\t        <ul class=\"list-inline social-list mb24\">\n\t\t\t            \n\t\t\t        <\/ul>\n\t\t\t    <\/div>\n\t\t\t<\/section>\n\t\t[\/vc_column][\/vc_row][vc_row foundry_padding=&#8220;pb0&#8243; css=&#8220;.vc_custom_1696301197606{padding-top: 40px !important;padding-right: 260px !important;padding-left: 260px !important;}&#8220;][vc_column width=&#8220;1\/4&#8243; css=&#8220;.vc_custom_1696301725821{padding-left: 160px !important;}&#8220;][vc_single_image image=&#8220;2039&#8243;][vc_column_text]<\/p>\n<div class=\"table\"><\/div>\n<p>[\/vc_column_text][vc_empty_space][vc_single_image image=&#8220;2595&#8243;][vc_empty_space][vc_single_image image=&#8220;2601&#8243;][\/vc_column][vc_column width=&#8220;3\/4&#8243;][vc_column_text]<\/p>\n<div class=\"td\">Wolfgang Jaenchen\u00a0studierte Maschinenbau an der TU Berlin.<\/div>\n<div class=\"td\">Mitarbeit in verschiedenen Projekten in diversen Firmen europaweit, siehe Projekte.<\/div>\n<div><\/div>\n<div><\/div>\n<div class=\"td\">IT Gurus &#8211; the Possibelists &#8211; steht f\u00fcr den Fokus auf das M\u00f6glich machen.<\/div>\n<div class=\"td\">Wir bieten IT Service\u00a0f\u00fcr gro\u00dfe und mittelst\u00e4ndische, \u00f6ffentliche wie private Kunden an.<br \/>\nWir administrieren ihre IT Landschaft, beraten Sie zu Inhalt, Strategie und Umsetzung.<\/div>\n<p>[\/vc_column_text][vc_empty_space height=&#8220;4px&#8220;][vc_column_text]<\/p>\n<div class=\"td\">Amin Kawy studierte Wirtschaftsinformatik an der Hochschule f\u00fcr Technik und Wirtschaft in Berlin.<\/div>\n<div class=\"td\">Als Junior Consultant SAP- Basis f\u00fcr die IT-Gurus in verschiedenen Projekten seit 3. Jahren t\u00e4tig.<\/div>\n<div class=\"td\">Die Schwerpunkte liegen in der SAP-Basis und ABAP &#8211; Programmierung.<\/div>\n<p>[\/vc_column_text][vc_empty_space height=&#8220;40px&#8220;][vc_column_text]Felicia Pezzuto studiert Wirtschaftsinformatik an der Hochschule f\u00fcr Wirtschaft und Technik Berlin,<br \/>\nihr Fokus liegt in der ABAP- Programmierung und SAP-Basis.[\/vc_column_text][vc_empty_space height=&#8220;210px&#8220;][\/vc_column][\/vc_row][vc_row equal_height=&#8220;yes&#8220; foundry_padding=&#8220;pb0&#8243;][vc_column id=&#8220;559&#8243; title=&#8220;Contact form 1&#8243;][vc_column_text][\/vc_column_text][\/vc_column][\/vc_row][vc_row][vc_column][\/vc_column][\/vc_row]<\/p>\n<\/div>","protected":false},"excerpt":{"rendered":"<p>[vc_row full_width=&#8220;stretch_row&#8220; foundry_background_style=&#8220;bg-primary&#8220;][vc_column][\/vc_column][\/vc_row][vc_row foundry_padding=&#8220;pb0&#8243; css=&#8220;.vc_custom_1696301197606{padding-top: 40px !important;padding-right: 260px !important;padding-left: 260px !important;}&#8220;][vc_column width=&#8220;1\/4&#8243; css=&#8220;.vc_custom_1696301725821{padding-left: 160px !important;}&#8220;][vc_single_image image=&#8220;2039&#8243;][vc_column_text] [\/vc_column_text][vc_empty_space][vc_single_image image=&#8220;2595&#8243;][vc_empty_space][vc_single_image image=&#8220;2601&#8243;][\/vc_column][vc_column width=&#8220;3\/4&#8243;][vc_column_text] Wolfgang&#8230;<\/p>\n","protected":false},"author":1,"featured_media":0,"parent":0,"menu_order":2,"comment_status":"closed","ping_status":"closed","template":"","meta":{"footnotes":""},"class_list":["post-1992","page","type-page","status-publish","hentry"],"_links":{"self":[{"href":"https:\/\/www.itgurus-uk.com\/index.php?rest_route=\/wp\/v2\/pages\/1992","targetHints":{"allow":["GET"]}}],"collection":[{"href":"https:\/\/www.itgurus-uk.com\/index.php?rest_route=\/wp\/v2\/pages"}],"about":[{"href":"https:\/\/www.itgurus-uk.com\/index.php?rest_route=\/wp\/v2\/types\/page"}],"author":[{"embeddable":true,"href":"https:\/\/www.itgurus-uk.com\/index.php?rest_route=\/wp\/v2\/users\/1"}],"replies":[{"embeddable":true,"href":"https:\/\/www.itgurus-uk.com\/index.php?rest_route=%2Fwp%2Fv2%2Fcomments&post=1992"}],"version-history":[{"count":2,"href":"https:\/\/www.itgurus-uk.com\/index.php?rest_route=\/wp\/v2\/pages\/1992\/revisions"}],"predecessor-version":[{"id":2738,"href":"https:\/\/www.itgurus-uk.com\/index.php?rest_route=\/wp\/v2\/pages\/1992\/revisions\/2738"}],"wp:attachment":[{"href":"https:\/\/www.itgurus-uk.com\/index.php?rest_route=%2Fwp%2Fv2%2Fmedia&parent=1992"}],"curies":[{"name":"wp","href":"https:\/\/api.w.org\/{rel}","templated":true}]}}